{"id":8,"date":"2017-02-18T15:22:39","date_gmt":"2017-02-18T15:22:39","guid":{"rendered":"http:\/\/www.jafonso.pt\/?page_id=2"},"modified":"2017-05-17T15:32:11","modified_gmt":"2017-05-17T15:32:11","slug":"about","status":"publish","type":"page","link":"https:\/\/www.jafonso.pt\/fr\/about\/","title":{"rendered":"Qui sommes nous?"},"content":{"rendered":"<p>A J. Afonso Agence de Documentation et de Services &#8211; Madalena Rodrigues depuis novembre 1991. J. Afonso est une agence qui fournit des services, agent des douanes, sp\u00e9cialis\u00e9 dans la l\u00e9galisation de v\u00e9hicules, camions, tracteurs, caravanes, remorques, motos etc.<\/p>\n<p><img loading=\"lazy\" decoding=\"async\" src=\"http:\/\/www.jafonso.pt\/fr\/wp-content\/uploads\/sites\/13\/2017\/02\/car12wd-300x75.png\" alt=\"\" width=\"1590\" height=\"400\" class=\"alignnone size-medium wp-image-9404\" srcset=\"https:\/\/www.jafonso.pt\/fr\/wp-content\/uploads\/sites\/13\/2017\/02\/car12wd-300x75.png 300w, https:\/\/www.jafonso.pt\/fr\/wp-content\/uploads\/sites\/13\/2017\/02\/car12wd-768x193.png 768w, https:\/\/www.jafonso.pt\/fr\/wp-content\/uploads\/sites\/13\/2017\/02\/car12wd-1024x258.png 1024w, https:\/\/www.jafonso.pt\/fr\/wp-content\/uploads\/sites\/13\/2017\/02\/car12wd.png 1590w\" sizes=\"auto, (max-width: 1590px) 100vw, 1590px\" \/><\/p>\n","protected":false},"excerpt":{"rendered":"<p>A J. Afonso Agence de Documentation et de Services &#8211; Madalena Rodrigues depuis novembre 1991. J. Afonso est une agence qui fournit des services, agent des douanes, sp\u00e9cialis\u00e9 dans la l\u00e9galisation de v\u00e9hicules, camions, tracteurs, caravanes, remorques, motos etc.<\/p>\n","protected":false},"author":1,"featured_media":0,"parent":0,"menu_order":0,"comment_status":"closed","ping_status":"open","template":"","meta":{"footnotes":""},"class_list":["post-8","page","type-page","status-publish","hentry"],"_links":{"self":[{"href":"https:\/\/www.jafonso.pt\/fr\/wp-json\/wp\/v2\/pages\/8","targetHints":{"allow":["GET"]}}],"collection":[{"href":"https:\/\/www.jafonso.pt\/fr\/wp-json\/wp\/v2\/pages"}],"about":[{"href":"https:\/\/www.jafonso.pt\/fr\/wp-json\/wp\/v2\/types\/page"}],"author":[{"embeddable":true,"href":"https:\/\/www.jafonso.pt\/fr\/wp-json\/wp\/v2\/users\/1"}],"replies":[{"embeddable":true,"href":"https:\/\/www.jafonso.pt\/fr\/wp-json\/wp\/v2\/comments?post=8"}],"version-history":[{"count":4,"href":"https:\/\/www.jafonso.pt\/fr\/wp-json\/wp\/v2\/pages\/8\/revisions"}],"predecessor-version":[{"id":9405,"href":"https:\/\/www.jafonso.pt\/fr\/wp-json\/wp\/v2\/pages\/8\/revisions\/9405"}],"wp:attachment":[{"href":"https:\/\/www.jafonso.pt\/fr\/wp-json\/wp\/v2\/media?parent=8"}],"curies":[{"name":"wp","href":"https:\/\/api.w.org\/{rel}","templated":true}]}}